{"id":3,"date":"2026-01-15T07:56:26","date_gmt":"2026-01-15T07:56:26","guid":{"rendered":"https:\/\/www.insideout.marketing\/?page_id=3"},"modified":"2026-02-04T01:47:42","modified_gmt":"2026-02-04T07:47:42","slug":"privacy-policy","status":"publish","type":"page","link":"https:\/\/www.insideout.marketing\/es\/privacy-policy\/","title":{"rendered":"Aviso de Privacidad"},"content":{"rendered":"<p><strong><\/strong><\/p>\r\n<p data-start=\"254\" data-end=\"717\">Responsable del tratamiento: Practishop, S.A. de C.V., que opera comercialmente como InsideOut Marketing (\u00abInsideOut\u00bb, \u00abnosotros\u00bb, \u00abnos\u00bb), con domicilio social en la Ciudad de M\u00e9xico, es el propietario de este sitio web y, por lo tanto, es responsable del uso y la protecci\u00f3n de los datos personales proporcionados por los usuarios a trav\u00e9s de este sitio. Este Aviso de Privacidad se pone a disposici\u00f3n de conformidad con la Ley Federal de Protecci\u00f3n de Datos Personales en Posesi\u00f3n de Particulares y su Reglamento.<\/p>\r\n<p data-start=\"719\" data-end=\"769\">Contacto del Departamento de Privacidad: <a class=\"decorated-link cursor-pointer\" rel=\"noopener\" data-start=\"751\" data-end=\"769\">contacto@iomkt.com<\/a><\/p>\r\n<hr data-start=\"771\" data-end=\"774\" \/>\r\n<h3 class=\"wp-block-heading\" data-start=\"776\" data-end=\"799\">1. OBJETIVOS PRINCIPALES<\/h3>\r\n<p data-start=\"801\" data-end=\"934\">Los datos personales recopilados se utilizar\u00e1n para los siguientes fines, que son necesarios para la prestaci\u00f3n de los servicios solicitados:<\/p>\r\n<ul data-start=\"936\" data-end=\"1256\">\r\n<li data-start=\"936\" data-end=\"1007\">\r\n<p data-start=\"938\" data-end=\"1007\">Recibir y responder a los mensajes enviados a trav\u00e9s de los formularios del sitio web.<\/p>\r\n<\/li>\r\n<li data-start=\"1008\" data-end=\"1075\">\r\n<p data-start=\"1010\" data-end=\"1075\">Dar seguimiento a las solicitudes de informaci\u00f3n, demostraciones y propuestas.<\/p>\r\n<\/li>\r\n<li data-start=\"1076\" data-end=\"1174\">\r\n<p data-start=\"1078\" data-end=\"1174\">Coordinar reuniones y\/o presentaciones (por ejemplo, \"Programar una reuni\u00f3n \/ Solicitar una propuesta\").<\/p>\r\n<\/li>\r\n<li data-start=\"1175\" data-end=\"1256\">\r\n<p data-start=\"1177\" data-end=\"1256\">Para gestionar la relaci\u00f3n comercial y la ejecuci\u00f3n de los servicios contratados.<\/p>\r\n<\/li>\r\n<\/ul>\r\n<hr data-start=\"1258\" data-end=\"1261\" \/>\r\n<h3 data-start=\"1263\" data-end=\"1288\">2. FINES SECUNDARIOS<\/h3>\r\n<p data-start=\"1290\" data-end=\"1510\">Adem\u00e1s, y siempre que el usuario no se oponga, los datos personales podr\u00e1n utilizarse para los siguientes fines secundarios, que no son esenciales para el servicio solicitado, pero que contribuyen a mejorar la experiencia y la participaci\u00f3n del usuario:<\/p>\r\n<ul data-start=\"1512\" data-end=\"1622\">\r\n<li data-start=\"1512\" data-end=\"1576\">\r\n<p data-start=\"1514\" data-end=\"1576\">Env\u00edo de informaci\u00f3n comercial, promocional o publicitaria.<\/p>\r\n<\/li>\r\n<li data-start=\"1577\" data-end=\"1622\">\r\n<p data-start=\"1579\" data-end=\"1622\">Prospecci\u00f3n comercial y an\u00e1lisis de mercado.<\/p>\r\n<\/li>\r\n<\/ul>\r\n<p data-start=\"1624\" data-end=\"1798\">Si no desea que sus datos personales sean tratados para estos fines secundarios, puede notific\u00e1rnoslo en cualquier momento a trav\u00e9s de los m\u00e9todos de contacto proporcionados en este Aviso de privacidad.<\/p>\r\n<hr data-start=\"1800\" data-end=\"1803\" \/>\r\n<h3 data-start=\"1805\" data-end=\"1835\">3. DATOS PERSONALES RECOPILADOS<\/h3>\r\n<p data-start=\"1837\" data-end=\"1937\">Para los fines descritos en el presente documento, se pueden recopilar los siguientes datos personales a trav\u00e9s del sitio web:<\/p>\r\n<ul data-start=\"1939\" data-end=\"2201\">\r\n<li data-start=\"1939\" data-end=\"2056\">\r\n<p data-start=\"1941\" data-end=\"2056\">Datos de identificaci\u00f3n y contacto: nombre, empresa, cargo (si se proporciona), direcci\u00f3n de correo electr\u00f3nico y n\u00famero de tel\u00e9fono.<\/p>\r\n<\/li>\r\n<li data-start=\"2058\" data-end=\"2201\">\r\n<p data-start=\"2060\" data-end=\"2201\">Datos de navegaci\u00f3n (cookies\/tecnolog\u00edas similares): direcci\u00f3n IP, identificadores de dispositivos, idioma, zona horaria, p\u00e1ginas visitadas y eventos de interacci\u00f3n.<\/p>\r\n<\/li>\r\n<\/ul>\r\n<p data-start=\"2203\" data-end=\"2274\">InsideOut no solicita ni almacena contrase\u00f1as a trav\u00e9s de sus formularios p\u00fablicos.<\/p>\r\n<p data-start=\"2276\" data-end=\"2519\">Si, en el futuro, habilitamos un \u00e1rea de reclutamiento de talentos o proyectos de embajadores de marca\/HPP, es posible que solicitemos curr\u00edculums e informaci\u00f3n relacionada con el empleo \u00fanicamente con fines de reclutamiento. En tales casos, se publicar\u00e1 un aviso complementario espec\u00edfico.<\/p>\r\n<hr data-start=\"2521\" data-end=\"2524\" \/>\r\n<h3 data-start=\"2526\" data-end=\"2576\">4. DATOS RECOPILADOS AUTOM\u00c1TICAMENTE POR EL SITIO WEB<\/h3>\r\n<p data-start=\"2578\" data-end=\"2642\">El sitio web puede recopilar autom\u00e1ticamente la siguiente informaci\u00f3n:<\/p>\r\n<ul data-start=\"2644\" data-end=\"2827\">\r\n<li data-start=\"2644\" data-end=\"2694\">\r\n<p data-start=\"2646\" data-end=\"2694\">Identificadores de sesi\u00f3n, nombres de usuario y contrase\u00f1as.<\/p>\r\n<\/li>\r\n<li data-start=\"2695\" data-end=\"2725\">\r\n<p data-start=\"2697\" data-end=\"2725\">Idioma preferido del usuario.<\/p>\r\n<\/li>\r\n<li data-start=\"2726\" data-end=\"2827\">\r\n<p data-start=\"2728\" data-end=\"2827\">Informaci\u00f3n t\u00e9cnica relacionada con la navegaci\u00f3n por el sitio web (tipo de navegador, sistema operativo, entre otros).<\/p>\r\n<\/li>\r\n<\/ul>\r\n<hr data-start=\"2829\" data-end=\"2832\" \/>\r\n<h3 data-start=\"2834\" data-end=\"2864\">5. BASE LEGAL Y CONSENTIMIENTO<\/h3>\r\n<p data-start=\"2866\" data-end=\"3104\">El tratamiento de los datos personales se basa en:<br data-start=\"2910\" data-end=\"2913\" \/>(i) su consentimiento;<br data-start=\"2930\" data-end=\"2933\" \/>(ii) una relaci\u00f3n contractual existente o potencial; y<br data-start=\"2992\" data-end=\"2995\" \/>(iii) intereses leg\u00edtimos relacionados con el funcionamiento y la seguridad del sitio web (cookies estrictamente necesarias).<\/p>\r\n<hr data-start=\"3106\" data-end=\"3109\" \/>\r\n<h3 data-start=\"3111\" data-end=\"3182\">6. DERECHOS ARCO (ACCESO, RECTIFICACI\u00d3N, CANCELACI\u00d3N Y OPOSICI\u00d3N)<\/h3>\r\n<p data-start=\"3184\" data-end=\"3208\">Los usuarios tienen derecho a:<\/p>\r\n<ul data-start=\"3210\" data-end=\"3508\">\r\n<li data-start=\"3210\" data-end=\"3275\">\r\n<p data-start=\"3212\" data-end=\"3275\">Acceder a sus datos personales y comprender c\u00f3mo se utilizan.<\/p>\r\n<\/li>\r\n<li data-start=\"3276\" data-end=\"3329\">\r\n<p data-start=\"3278\" data-end=\"3329\">Rectificar datos personales inexactos u obsoletos.<\/p>\r\n<\/li>\r\n<li data-start=\"3330\" data-end=\"3437\">\r\n<p data-start=\"3332\" data-end=\"3437\">Cancelar los datos personales cuando no se utilicen de conformidad con los principios y obligaciones legales.<\/p>\r\n<\/li>\r\n<li data-start=\"3438\" data-end=\"3508\">\r\n<p data-start=\"3440\" data-end=\"3508\">Oponerse al tratamiento de datos personales para fines espec\u00edficos.<\/p>\r\n<\/li>\r\n<\/ul>\r\n<p data-start=\"3510\" data-end=\"3548\">Estos derechos se conocen como derechos ARCO.<\/p>\r\n<p data-start=\"3550\" data-end=\"3816\">Procedimiento:<br data-start=\"3564\" data-end=\"3567\" \/>Por favor, env\u00ede un correo electr\u00f3nico a <a class=\"decorated-link cursor-pointer\" rel=\"noopener\" data-start=\"3591\" data-end=\"3609\">contacto@iomkt.com<\/a> incluyendo: nombre completo, m\u00e9todo preferido para recibir una respuesta, una copia de un documento de identidad oficial (o prueba de representaci\u00f3n legal) y una descripci\u00f3n clara del derecho que desea ejercer y los datos involucrados.<\/p>\r\n<p data-start=\"3818\" data-end=\"4041\">Tiempo de respuesta:<br data-start=\"3836\" data-end=\"3839\" \/>Responderemos en un plazo m\u00e1ximo de 20 d\u00edas h\u00e1biles. Si procede, la solicitud se atender\u00e1 en los 15 d\u00edas h\u00e1biles siguientes. Estos plazos podr\u00e1n prorrogarse una vez, seg\u00fan lo permita la ley.<\/p>\r\n<hr data-start=\"4043\" data-end=\"4046\" \/>\r\n<h3 data-start=\"4048\" data-end=\"4082\">7. RETENCI\u00d3N Y SEGURIDAD DE LOS DATOS<\/h3>\r\n<p data-start=\"4084\" data-end=\"4358\">Conservamos los datos personales solo durante el tiempo necesario para cumplir con los fines indicados y las obligaciones legales aplicables, tras lo cual se eliminan de forma segura o se anonimizan. Implementamos medidas de seguridad administrativas, t\u00e9cnicas y f\u00edsicas razonables para proteger los datos personales.<\/p>\r\n<hr data-start=\"4360\" data-end=\"4363\" \/>\r\n<h3 data-start=\"4365\" data-end=\"4378\">8. MENORES DE EDAD<\/h3>\r\n<p data-start=\"4380\" data-end=\"4585\">Nuestros servicios no est\u00e1n destinados a menores de edad. Si cree que un menor ha proporcionado datos personales sin la autorizaci\u00f3n de un padre o tutor legal, p\u00f3ngase en contacto con nosotros para que dichos datos puedan ser eliminados.<\/p>\r\n<hr data-start=\"4587\" data-end=\"4590\" \/>\r\n<h3 data-start=\"4592\" data-end=\"4606\">9. CONTACTO<\/h3>\r\n<p data-start=\"4608\" data-end=\"4714\">Si tiene alguna pregunta, aclaraci\u00f3n o solicitud relacionada con este Aviso de privacidad, puede ponerse en contacto con nosotros a trav\u00e9s de:<\/p>\r\n<p data-start=\"4716\" data-end=\"4784\">Correo: <a class=\"decorated-link cursor-pointer\" rel=\"noopener\" data-start=\"4727\" data-end=\"4745\">contacto@iomkt.com<\/a><br data-start=\"4745\" data-end=\"4748\" \/>Sitio Web: <a class=\"decorated-link\" href=\"http:\/\/www.insideout.marketing\/es\/\" target=\"_new\" rel=\"noopener\" data-start=\"4761\" data-end=\"4784\">www.insideout.marketing<\/a><\/p>\r\n<hr data-start=\"4786\" data-end=\"4789\" \/>\r\n<h3 data-start=\"4791\" data-end=\"4821\">10. CAMBIOS EN ESTE AVISO<\/h3>\r\n<p data-start=\"4823\" data-end=\"5009\">Podemos actualizar este Aviso de privacidad para reflejar cambios legales o comerciales. La versi\u00f3n actual siempre estar\u00e1 disponible en <a class=\"decorated-link\" href=\"http:\/\/www.insideout.marketing\/es\/\" target=\"_new\" rel=\"noopener\" data-start=\"4943\" data-end=\"4966\">www.insideout.marketing<\/a>, junto con la fecha de la \u00faltima actualizaci\u00f3n.<\/p>\r\n<p data-start=\"5011\" data-end=\"5045\">\u00daltima actualizaci\u00f3n: 19 de enero de 2026<\/p>","protected":false},"excerpt":{"rendered":"<p>Data Controller: Practishop, S.A. de C.V., operating commercially as InsideOut Marketing (\u201cInsideOut\u201d, \u201cwe\u201d, \u201cus\u201d), with registered offices in Mexico City, is the owner of this website and is therefore responsible for the use and protection of the personal data provided by users through this site. This Privacy Notice is made available in accordance with the&#8230;<\/p>","protected":false},"author":1,"featured_media":0,"parent":0,"menu_order":0,"comment_status":"closed","ping_status":"closed","template":"","meta":{"footnotes":""},"class_list":{"0":"post-3","1":"page","2":"type-page","3":"status-publish","4":"hentry","5":"nt-post-class","6":"","7":"thumb-none","9":"excerpt-none"},"yoast_head":"<!-- This site is optimized with the Yoast SEO plugin v27.3 - https:\/\/yoast.com\/product\/yoast-seo-wordpress\/ -->\n<title>Privacy Policy - InsideOut Marketing<\/title>\n<meta name=\"description\" content=\"End-to-end travel retail and duty free marketing agency. We design, produce, and execute high-impact airport activations across Mexico and the Caribbean.\" \/>\n<meta name=\"robots\" content=\"noindex, nofollow\" \/>\n<meta property=\"og:locale\" content=\"es_MX\" \/>\n<meta property=\"og:type\" content=\"article\" \/>\n<meta property=\"og:title\" content=\"Privacy Policy - InsideOut Marketing\" \/>\n<meta property=\"og:description\" content=\"End-to-end travel retail and duty free marketing agency. We design, produce, and execute high-impact airport activations across Mexico and the Caribbean.\" \/>\n<meta property=\"og:url\" content=\"https:\/\/www.insideout.marketing\/es\/privacy-policy\/\" \/>\n<meta property=\"og:site_name\" content=\"InsideOut | Travel Retail Marketing &amp; Duty Free\" \/>\n<meta property=\"article:publisher\" content=\"https:\/\/www.facebook.com\/insideout.marketing\" \/>\n<meta property=\"article:modified_time\" content=\"2026-02-04T07:47:42+00:00\" \/>\n<meta property=\"og:image\" content=\"https:\/\/www.insideout.marketing\/wp-content\/uploads\/2026\/01\/LOGO-InsideOut-Marketing-Mexico-LATAM-SEO.webp\" \/>\n\t<meta property=\"og:image:width\" content=\"1200\" \/>\n\t<meta property=\"og:image:height\" content=\"675\" \/>\n\t<meta property=\"og:image:type\" content=\"image\/webp\" \/>\n<meta name=\"twitter:card\" content=\"summary_large_image\" \/>\n<meta name=\"twitter:title\" content=\"Privacy Policy - InsideOut Marketing\" \/>\n<meta name=\"twitter:description\" content=\"End-to-end travel retail and duty free marketing agency. We design, produce, and execute high-impact airport activations across Mexico and the Caribbean.\" \/>\n<meta name=\"twitter:image\" content=\"https:\/\/www.insideout.marketing\/wp-content\/uploads\/2026\/01\/LOGO-InsideOut-Marketing-Mexico-LATAM-SEO.webp\" \/>\n<meta name=\"twitter:site\" content=\"@iomkt\" \/>\n<meta name=\"twitter:label1\" content=\"Tiempo de lectura\" \/>\n\t<meta name=\"twitter:data1\" content=\"3 minutos\" \/>\n<script type=\"application\/ld+json\" class=\"yoast-schema-graph\">{\"@context\":\"https:\\\/\\\/schema.org\",\"@graph\":[{\"@type\":\"WebPage\",\"@id\":\"https:\\\/\\\/www.insideout.marketing\\\/privacy-policy\\\/\",\"url\":\"https:\\\/\\\/www.insideout.marketing\\\/privacy-policy\\\/\",\"name\":\"Privacy Policy - InsideOut Marketing\",\"isPartOf\":{\"@id\":\"https:\\\/\\\/www.insideout.marketing\\\/#website\"},\"datePublished\":\"2026-01-15T07:56:26+00:00\",\"dateModified\":\"2026-02-04T07:47:42+00:00\",\"description\":\"End-to-end travel retail and duty free marketing agency. We design, produce, and execute high-impact airport activations across Mexico and the Caribbean.\",\"breadcrumb\":{\"@id\":\"https:\\\/\\\/www.insideout.marketing\\\/privacy-policy\\\/#breadcrumb\"},\"inLanguage\":\"es\",\"potentialAction\":[{\"@type\":\"ReadAction\",\"target\":[\"https:\\\/\\\/www.insideout.marketing\\\/privacy-policy\\\/\"]}]},{\"@type\":\"BreadcrumbList\",\"@id\":\"https:\\\/\\\/www.insideout.marketing\\\/privacy-policy\\\/#breadcrumb\",\"itemListElement\":[{\"@type\":\"ListItem\",\"position\":1,\"name\":\"Home\",\"item\":\"https:\\\/\\\/www.insideout.marketing\\\/\"},{\"@type\":\"ListItem\",\"position\":2,\"name\":\"Privacy Policy\"}]},{\"@type\":\"WebSite\",\"@id\":\"https:\\\/\\\/www.insideout.marketing\\\/#website\",\"url\":\"https:\\\/\\\/www.insideout.marketing\\\/\",\"name\":\"InsideOut | Travel Retail Marketing & Duty Free\",\"description\":\"End-to-end travel retail and duty free marketing agency. We design, produce, and execute high-impact airport activations across Mexico and the Caribbean\",\"publisher\":{\"@id\":\"https:\\\/\\\/www.insideout.marketing\\\/#organization\"},\"potentialAction\":[{\"@type\":\"SearchAction\",\"target\":{\"@type\":\"EntryPoint\",\"urlTemplate\":\"https:\\\/\\\/www.insideout.marketing\\\/?s={search_term_string}\"},\"query-input\":{\"@type\":\"PropertyValueSpecification\",\"valueRequired\":true,\"valueName\":\"search_term_string\"}}],\"inLanguage\":\"es\"},{\"@type\":\"Organization\",\"@id\":\"https:\\\/\\\/www.insideout.marketing\\\/#organization\",\"name\":\"InsideOut | Travel Retail Marketing & Duty Free\",\"url\":\"https:\\\/\\\/www.insideout.marketing\\\/\",\"logo\":{\"@type\":\"ImageObject\",\"inLanguage\":\"es\",\"@id\":\"https:\\\/\\\/www.insideout.marketing\\\/#\\\/schema\\\/logo\\\/image\\\/\",\"url\":\"https:\\\/\\\/www.insideout.marketing\\\/wp-content\\\/uploads\\\/2026\\\/01\\\/ico-insideout-mkt.webp\",\"contentUrl\":\"https:\\\/\\\/www.insideout.marketing\\\/wp-content\\\/uploads\\\/2026\\\/01\\\/ico-insideout-mkt.webp\",\"width\":1080,\"height\":1080,\"caption\":\"InsideOut | Travel Retail Marketing & Duty Free\"},\"image\":{\"@id\":\"https:\\\/\\\/www.insideout.marketing\\\/#\\\/schema\\\/logo\\\/image\\\/\"},\"sameAs\":[\"https:\\\/\\\/www.facebook.com\\\/insideout.marketing\",\"https:\\\/\\\/x.com\\\/iomkt\",\"https:\\\/\\\/www.linkedin.com\\\/company\\\/insideout-marketing-mexico\",\"https:\\\/\\\/www.instagram.com\\\/iomkt\\\/\"]}]}<\/script>\n<!-- \/ Yoast SEO plugin. -->","yoast_head_json":{"title":"Privacy Policy - InsideOut Marketing","description":"End-to-end travel retail and duty free marketing agency. We design, produce, and execute high-impact airport activations across Mexico and the Caribbean.","robots":{"index":"noindex","follow":"nofollow"},"og_locale":"es_MX","og_type":"article","og_title":"Privacy Policy - InsideOut Marketing","og_description":"End-to-end travel retail and duty free marketing agency. We design, produce, and execute high-impact airport activations across Mexico and the Caribbean.","og_url":"https:\/\/www.insideout.marketing\/es\/privacy-policy\/","og_site_name":"InsideOut | Travel Retail Marketing &amp; Duty Free","article_publisher":"https:\/\/www.facebook.com\/insideout.marketing","article_modified_time":"2026-02-04T07:47:42+00:00","og_image":[{"width":1200,"height":675,"url":"https:\/\/www.insideout.marketing\/wp-content\/uploads\/2026\/01\/LOGO-InsideOut-Marketing-Mexico-LATAM-SEO.webp","type":"image\/webp"}],"twitter_card":"summary_large_image","twitter_title":"Privacy Policy - InsideOut Marketing","twitter_description":"End-to-end travel retail and duty free marketing agency. We design, produce, and execute high-impact airport activations across Mexico and the Caribbean.","twitter_image":"https:\/\/www.insideout.marketing\/wp-content\/uploads\/2026\/01\/LOGO-InsideOut-Marketing-Mexico-LATAM-SEO.webp","twitter_site":"@iomkt","twitter_misc":{"Tiempo de lectura":"3 minutos"},"schema":{"@context":"https:\/\/schema.org","@graph":[{"@type":"WebPage","@id":"https:\/\/www.insideout.marketing\/privacy-policy\/","url":"https:\/\/www.insideout.marketing\/privacy-policy\/","name":"Privacy Policy - InsideOut Marketing","isPartOf":{"@id":"https:\/\/www.insideout.marketing\/#website"},"datePublished":"2026-01-15T07:56:26+00:00","dateModified":"2026-02-04T07:47:42+00:00","description":"End-to-end travel retail and duty free marketing agency. We design, produce, and execute high-impact airport activations across Mexico and the Caribbean.","breadcrumb":{"@id":"https:\/\/www.insideout.marketing\/privacy-policy\/#breadcrumb"},"inLanguage":"es","potentialAction":[{"@type":"ReadAction","target":["https:\/\/www.insideout.marketing\/privacy-policy\/"]}]},{"@type":"BreadcrumbList","@id":"https:\/\/www.insideout.marketing\/privacy-policy\/#breadcrumb","itemListElement":[{"@type":"ListItem","position":1,"name":"Home","item":"https:\/\/www.insideout.marketing\/"},{"@type":"ListItem","position":2,"name":"Privacy Policy"}]},{"@type":"WebSite","@id":"https:\/\/www.insideout.marketing\/#website","url":"https:\/\/www.insideout.marketing\/","name":"InsideOut | Travel Retail Marketing & Duty Free","description":"Agencia de marketing especializada en travel retail y duty free de principio a fin. Dise\u00f1amos, producimos y ejecutamos activaciones de alto impacto en aeropuertos de M\u00e9xico y el Caribe.","publisher":{"@id":"https:\/\/www.insideout.marketing\/#organization"},"potentialAction":[{"@type":"SearchAction","target":{"@type":"EntryPoint","urlTemplate":"https:\/\/www.insideout.marketing\/?s={search_term_string}"},"query-input":{"@type":"PropertyValueSpecification","valueRequired":true,"valueName":"search_term_string"}}],"inLanguage":"es"},{"@type":"Organization","@id":"https:\/\/www.insideout.marketing\/#organization","name":"InsideOut | Travel Retail Marketing & Duty Free","url":"https:\/\/www.insideout.marketing\/","logo":{"@type":"ImageObject","inLanguage":"es","@id":"https:\/\/www.insideout.marketing\/#\/schema\/logo\/image\/","url":"https:\/\/www.insideout.marketing\/wp-content\/uploads\/2026\/01\/ico-insideout-mkt.webp","contentUrl":"https:\/\/www.insideout.marketing\/wp-content\/uploads\/2026\/01\/ico-insideout-mkt.webp","width":1080,"height":1080,"caption":"InsideOut | Travel Retail Marketing & Duty Free"},"image":{"@id":"https:\/\/www.insideout.marketing\/#\/schema\/logo\/image\/"},"sameAs":["https:\/\/www.facebook.com\/insideout.marketing","https:\/\/x.com\/iomkt","https:\/\/www.linkedin.com\/company\/insideout-marketing-mexico","https:\/\/www.instagram.com\/iomkt\/"]}]}},"_links":{"self":[{"href":"https:\/\/www.insideout.marketing\/es\/wp-json\/wp\/v2\/pages\/3","targetHints":{"allow":["GET"]}}],"collection":[{"href":"https:\/\/www.insideout.marketing\/es\/wp-json\/wp\/v2\/pages"}],"about":[{"href":"https:\/\/www.insideout.marketing\/es\/wp-json\/wp\/v2\/types\/page"}],"author":[{"embeddable":true,"href":"https:\/\/www.insideout.marketing\/es\/wp-json\/wp\/v2\/users\/1"}],"replies":[{"embeddable":true,"href":"https:\/\/www.insideout.marketing\/es\/wp-json\/wp\/v2\/comments?post=3"}],"version-history":[{"count":3,"href":"https:\/\/www.insideout.marketing\/es\/wp-json\/wp\/v2\/pages\/3\/revisions"}],"predecessor-version":[{"id":5610,"href":"https:\/\/www.insideout.marketing\/es\/wp-json\/wp\/v2\/pages\/3\/revisions\/5610"}],"wp:attachment":[{"href":"https:\/\/www.insideout.marketing\/es\/wp-json\/wp\/v2\/media?parent=3"}],"curies":[{"name":"wp","href":"https:\/\/api.w.org\/{rel}","templated":true}]}}